{"id":9,"date":"2018-11-26T12:46:44","date_gmt":"2018-11-26T12:46:44","guid":{"rendered":"http:\/\/jardinethno.fr\/?page_id=9"},"modified":"2023-03-10T12:38:51","modified_gmt":"2023-03-10T11:38:51","slug":"adhesions","status":"publish","type":"page","link":"http:\/\/jardinethno.fr\/?page_id=9","title":{"rendered":"Nous aider"},"content":{"rendered":"\t\t<div data-elementor-type=\"wp-post\" data-elementor-id=\"9\" class=\"elementor elementor-9\">\n\t\t\t\t\t\t\t\t\t<section class=\"elementor-section elementor-top-section elementor-element elementor-element-8e491de elementor-section-content-bottom elementor-section-boxed elementor-section-height-default elementor-section-height-default\" data-id=\"8e491de\" data-element_type=\"section\" data-settings=\"{&quot;background_background&quot;:&quot;classic&quot;}\">\n\t\t\t\t\t\t\t<div class=\"elementor-background-overlay\"><\/div>\n\t\t\t\t\t\t\t<div class=\"elementor-container elementor-column-gap-no\">\n\t\t\t\t\t<div class=\"elementor-column elementor-col-100 elementor-top-column elementor-element elementor-element-fb027eb\" data-id=\"fb027eb\" data-element_type=\"column\">\n\t\t\t<div class=\"elementor-widget-wrap elementor-element-populated\">\n\t\t\t\t\t\t\t\t<div class=\"elementor-element elementor-element-86116d7 elementor-widget elementor-widget-heading\" data-id=\"86116d7\" data-element_type=\"widget\" data-widget_type=\"heading.default\">\n\t\t\t\t<div class=\"elementor-widget-container\">\n\t\t\t<style>\/*! elementor - v3.11.1 - 15-02-2023 *\/\n.elementor-heading-title{padding:0;margin:0;line-height:1}.elementor-widget-heading .elementor-heading-title[class*=elementor-size-]>a{color:inherit;font-size:inherit;line-height:inherit}.elementor-widget-heading .elementor-heading-title.elementor-size-small{font-size:15px}.elementor-widget-heading .elementor-heading-title.elementor-size-medium{font-size:19px}.elementor-widget-heading .elementor-heading-title.elementor-size-large{font-size:29px}.elementor-widget-heading .elementor-heading-title.elementor-size-xl{font-size:39px}.elementor-widget-heading .elementor-heading-title.elementor-size-xxl{font-size:59px}<\/style><h1 class=\"elementor-heading-title elementor-size-default\">Nous aider<\/h1>\t\t<\/div>\n\t\t\t\t<\/div>\n\t\t\t\t\t<\/div>\n\t\t<\/div>\n\t\t\t\t\t\t\t<\/div>\n\t\t<\/section>\n\t\t\t\t<section class=\"elementor-section elementor-top-section elementor-element elementor-element-593c740 elementor-section-boxed elementor-section-height-default elementor-section-height-default\" data-id=\"593c740\" data-element_type=\"section\">\n\t\t\t\t\t\t<div class=\"elementor-container elementor-column-gap-default\">\n\t\t\t\t\t<div class=\"elementor-column elementor-col-100 elementor-top-column elementor-element elementor-element-b22bc1f\" data-id=\"b22bc1f\" data-element_type=\"column\">\n\t\t\t<div class=\"elementor-widget-wrap elementor-element-populated\">\n\t\t\t\t\t\t\t\t<div class=\"elementor-element elementor-element-f5f7162 elementor-widget elementor-widget-heading\" data-id=\"f5f7162\" data-element_type=\"widget\" data-widget_type=\"heading.default\">\n\t\t\t\t<div class=\"elementor-widget-container\">\n\t\t\t<h2 class=\"elementor-heading-title elementor-size-default\">Pourquoi \u00eatre adh\u00e9rent :<\/h2>\t\t<\/div>\n\t\t\t\t<\/div>\n\t\t\t\t\t<\/div>\n\t\t<\/div>\n\t\t\t\t\t\t\t<\/div>\n\t\t<\/section>\n\t\t\t\t<section class=\"elementor-section elementor-top-section elementor-element elementor-element-a133ba6 elementor-section-boxed elementor-section-height-default elementor-section-height-default\" data-id=\"a133ba6\" data-element_type=\"section\">\n\t\t\t\t\t\t<div class=\"elementor-container elementor-column-gap-default\">\n\t\t\t\t\t<div class=\"elementor-column elementor-col-100 elementor-top-column elementor-element elementor-element-b9df22f\" data-id=\"b9df22f\" data-element_type=\"column\">\n\t\t\t<div class=\"elementor-widget-wrap elementor-element-populated\">\n\t\t\t\t\t\t\t\t<div class=\"elementor-element elementor-element-a0739e0 elementor-icon-list--layout-traditional elementor-list-item-link-full_width elementor-widget elementor-widget-icon-list\" data-id=\"a0739e0\" data-element_type=\"widget\" data-widget_type=\"icon-list.default\">\n\t\t\t\t<div class=\"elementor-widget-container\">\n\t\t\t<link rel=\"stylesheet\" href=\"http:\/\/jardinethno.fr\/wp-content\/plugins\/elementor\/assets\/css\/widget-icon-list.min.css\">\t\t<ul class=\"elementor-icon-list-items\">\n\t\t\t\t\t\t\t<li class=\"elementor-icon-list-item\">\n\t\t\t\t\t\t\t\t\t\t\t<span class=\"elementor-icon-list-icon\">\n\t\t\t\t\t\t\t<i aria-hidden=\"true\" class=\"fas fa-euro-sign\"><\/i>\t\t\t\t\t\t<\/span>\n\t\t\t\t\t\t\t\t\t\t<span class=\"elementor-icon-list-text\">Tarifs pr\u00e9f\u00e9rentiels pour les \u00e9v\u00e8nements<\/span>\n\t\t\t\t\t\t\t\t\t<\/li>\n\t\t\t\t\t\t\t\t<li class=\"elementor-icon-list-item\">\n\t\t\t\t\t\t\t\t\t\t\t<span class=\"elementor-icon-list-icon\">\n\t\t\t\t\t\t\t<i aria-hidden=\"true\" class=\"fas fa-hands-helping\"><\/i>\t\t\t\t\t\t<\/span>\n\t\t\t\t\t\t\t\t\t\t<span class=\"elementor-icon-list-text\">Soutenir l'association<\/span>\n\t\t\t\t\t\t\t\t\t<\/li>\n\t\t\t\t\t\t\t\t<li class=\"elementor-icon-list-item\">\n\t\t\t\t\t\t\t\t\t\t\t<span class=\"elementor-icon-list-icon\">\n\t\t\t\t\t\t\t<i aria-hidden=\"true\" class=\"fab fa-telegram-plane\"><\/i>\t\t\t\t\t\t<\/span>\n\t\t\t\t\t\t\t\t\t\t<span class=\"elementor-icon-list-text\">\u00eatre inform\u00e9 des \u00e9v\u00e8nements<\/span>\n\t\t\t\t\t\t\t\t\t<\/li>\n\t\t\t\t\t\t<\/ul>\n\t\t\t\t<\/div>\n\t\t\t\t<\/div>\n\t\t\t\t\t<\/div>\n\t\t<\/div>\n\t\t\t\t\t\t\t<\/div>\n\t\t<\/section>\n\t\t\t\t<section class=\"elementor-section elementor-top-section elementor-element elementor-element-953b69e elementor-section-boxed elementor-section-height-default elementor-section-height-default\" data-id=\"953b69e\" data-element_type=\"section\">\n\t\t\t\t\t\t<div class=\"elementor-container elementor-column-gap-default\">\n\t\t\t\t\t<div class=\"elementor-column elementor-col-100 elementor-top-column elementor-element elementor-element-503814b\" data-id=\"503814b\" data-element_type=\"column\">\n\t\t\t<div class=\"elementor-widget-wrap elementor-element-populated\">\n\t\t\t\t\t\t\t\t<div class=\"elementor-element elementor-element-bbdf916 elementor-view-default elementor-mobile-position-top elementor-vertical-align-top elementor-widget elementor-widget-icon-box\" data-id=\"bbdf916\" data-element_type=\"widget\" data-widget_type=\"icon-box.default\">\n\t\t\t\t<div class=\"elementor-widget-container\">\n\t\t\t<link rel=\"stylesheet\" href=\"https:\/\/jardinethno.fr\/wp-content\/plugins\/elementor\/assets\/css\/widget-icon-box.min.css\">\t\t<div class=\"elementor-icon-box-wrapper\">\n\t\t\t\t\t\t<div class=\"elementor-icon-box-icon\">\n\t\t\t\t<span class=\"elementor-icon elementor-animation-\" >\n\t\t\t\t<i aria-hidden=\"true\" class=\"fas fa-users\"><\/i>\t\t\t\t<\/span>\n\t\t\t<\/div>\n\t\t\t\t\t\t<div class=\"elementor-icon-box-content\">\n\t\t\t\t<h3 class=\"elementor-icon-box-title\">\n\t\t\t\t\t<span  >\n\t\t\t\t\t\tDevenir adh\u00e9rents\t\t\t\t\t<\/span>\n\t\t\t\t<\/h3>\n\t\t\t\t\t\t\t\t\t<p class=\"elementor-icon-box-description\">\n\t\t\t\t\t\t15 \u20ac\/ Personne ou 20\u20ac\/ couple\n\t\t\t\t\t<\/p>\n\t\t\t\t\t\t\t<\/div>\n\t\t<\/div>\n\t\t\t\t<\/div>\n\t\t\t\t<\/div>\n\t\t\t\t<div class=\"elementor-element elementor-element-f933b12 elementor-widget elementor-widget-text-editor\" data-id=\"f933b12\" data-element_type=\"widget\" data-widget_type=\"text-editor.default\">\n\t\t\t\t<div class=\"elementor-widget-container\">\n\t\t\t<style>\/*! elementor - v3.11.1 - 15-02-2023 *\/\n.elementor-widget-text-editor.elementor-drop-cap-view-stacked .elementor-drop-cap{background-color:#818a91;color:#fff}.elementor-widget-text-editor.elementor-drop-cap-view-framed .elementor-drop-cap{color:#818a91;border:3px solid;background-color:transparent}.elementor-widget-text-editor:not(.elementor-drop-cap-view-default) .elementor-drop-cap{margin-top:8px}.elementor-widget-text-editor:not(.elementor-drop-cap-view-default) .elementor-drop-cap-letter{width:1em;height:1em}.elementor-widget-text-editor .elementor-drop-cap{float:left;text-align:center;line-height:1;font-size:50px}.elementor-widget-text-editor .elementor-drop-cap-letter{display:inline-block}<\/style>\t\t\t\t<p>H\u00e9sitez pas \u00e0 nous contacter pour plus de renseignement<span style=\"font-size: 16px; color: var(--ast-global-color-3);\"> ou pour toute inscription !\u00a0<\/span><\/p>\t\t\t\t\t\t<\/div>\n\t\t\t\t<\/div>\n\t\t\t\t\t<\/div>\n\t\t<\/div>\n\t\t\t\t\t\t\t<\/div>\n\t\t<\/section>\n\t\t\t\t<section class=\"elementor-section elementor-top-section elementor-element elementor-element-61bd5c9 elementor-section-boxed elementor-section-height-default elementor-section-height-default\" data-id=\"61bd5c9\" data-element_type=\"section\">\n\t\t\t\t\t\t<div class=\"elementor-container elementor-column-gap-default\">\n\t\t\t\t\t<div class=\"elementor-column elementor-col-50 elementor-top-column elementor-element elementor-element-ade96cc\" data-id=\"ade96cc\" data-element_type=\"column\">\n\t\t\t<div class=\"elementor-widget-wrap elementor-element-populated\">\n\t\t\t\t\t\t\t\t<div class=\"elementor-element elementor-element-9d9c5a6 elementor-widget elementor-widget-image\" data-id=\"9d9c5a6\" data-element_type=\"widget\" data-widget_type=\"image.default\">\n\t\t\t\t<div class=\"elementor-widget-container\">\n\t\t\t<style>\/*! elementor - v3.11.1 - 15-02-2023 *\/\n.elementor-widget-image{text-align:center}.elementor-widget-image a{display:inline-block}.elementor-widget-image a img[src$=\".svg\"]{width:48px}.elementor-widget-image img{vertical-align:middle;display:inline-block}<\/style>\t\t\t\t\t\t\t\t\t\t\t\t<img loading=\"lazy\" decoding=\"async\" width=\"1024\" height=\"1024\" src=\"http:\/\/jardinethno.fr\/wp-content\/uploads\/2023\/03\/Collecte-pots-de-fleurs-1024x1024.png\" class=\"attachment-large size-large wp-image-1139\" alt=\"\" srcset=\"http:\/\/jardinethno.fr\/wp-content\/uploads\/2023\/03\/Collecte-pots-de-fleurs-1024x1024.png 1024w, http:\/\/jardinethno.fr\/wp-content\/uploads\/2023\/03\/Collecte-pots-de-fleurs-300x300.png 300w, http:\/\/jardinethno.fr\/wp-content\/uploads\/2023\/03\/Collecte-pots-de-fleurs-150x150.png 150w, http:\/\/jardinethno.fr\/wp-content\/uploads\/2023\/03\/Collecte-pots-de-fleurs-768x768.png 768w, http:\/\/jardinethno.fr\/wp-content\/uploads\/2023\/03\/Collecte-pots-de-fleurs.png 1080w\" sizes=\"auto, (max-width: 1024px) 100vw, 1024px\" \/>\t\t\t\t\t\t\t\t\t\t\t\t\t\t\t<\/div>\n\t\t\t\t<\/div>\n\t\t\t\t\t<\/div>\n\t\t<\/div>\n\t\t\t\t<div class=\"elementor-column elementor-col-50 elementor-top-column elementor-element elementor-element-7bf3579\" data-id=\"7bf3579\" data-element_type=\"column\">\n\t\t\t<div class=\"elementor-widget-wrap elementor-element-populated\">\n\t\t\t\t\t\t\t\t<div class=\"elementor-element elementor-element-04d3075 elementor-absolute elementor-widget elementor-widget-text-editor\" data-id=\"04d3075\" data-element_type=\"widget\" data-settings=\"{&quot;_position&quot;:&quot;absolute&quot;}\" data-widget_type=\"text-editor.default\">\n\t\t\t\t<div class=\"elementor-widget-container\">\n\t\t\t\t\t\t\t<div style=\"white-space: pre-wrap; overflow-wrap: break-word; font-family: 'Segoe UI Historic', 'Segoe UI', Helvetica, Arial, sans-serif; color: #050505; font-size: 15px; font-style: normal; font-weight: 400; animation-name: none !important; transition-property: none !important;\"><div dir=\"auto\" style=\"font-family: inherit; animation-name: none !important; transition-property: none !important;\"><span style=\"font-weight: normal; font-style: normal; width: 16px; display: inline-flex; margin-right: 1px; margin-left: 1px; height: 16px; vertical-align: middle; font-family: inherit; animation-name: none !important; transition-property: none !important;\"><img loading=\"lazy\" decoding=\"async\" style=\"border-width: 0px; border-style: initial; animation-name: none !important; transition-property: none !important;\" src=\"https:\/\/static.xx.fbcdn.net\/images\/emoji.php\/v9\/t6d\/1\/16\/1f335.png\" alt=\"\ud83c\udf35\" width=\"16\" height=\"16\" \/><\/span><span style=\"font-weight: normal; font-style: normal; width: 16px; display: inline-flex; margin-right: 1px; margin-left: 1px; height: 16px; vertical-align: middle; font-family: inherit; animation-name: none !important; transition-property: none !important;\"><img loading=\"lazy\" decoding=\"async\" style=\"border-width: 0px; border-style: initial; animation-name: none !important; transition-property: none !important;\" src=\"https:\/\/static.xx.fbcdn.net\/images\/emoji.php\/v9\/t6d\/1\/16\/1f335.png\" alt=\"\ud83c\udf35\" width=\"16\" height=\"16\" \/><\/span><span style=\"font-weight: normal; font-style: normal; width: 16px; display: inline-flex; margin-right: 1px; margin-left: 1px; height: 16px; vertical-align: middle; font-family: inherit; animation-name: none !important; transition-property: none !important;\"><img loading=\"lazy\" decoding=\"async\" style=\"border-width: 0px; border-style: initial; animation-name: none !important; transition-property: none !important;\" src=\"https:\/\/static.xx.fbcdn.net\/images\/emoji.php\/v9\/t6d\/1\/16\/1f335.png\" alt=\"\ud83c\udf35\" width=\"16\" height=\"16\" \/><\/span> COLLECTE POTS DE FLEURS <span style=\"font-weight: normal; font-style: normal; width: 16px; display: inline-flex; margin-right: 1px; margin-left: 1px; height: 16px; vertical-align: middle; font-family: inherit; animation-name: none !important; transition-property: none !important;\"><img loading=\"lazy\" decoding=\"async\" style=\"border-width: 0px; border-style: initial; animation-name: none !important; transition-property: none !important;\" src=\"https:\/\/static.xx.fbcdn.net\/images\/emoji.php\/v9\/t6d\/1\/16\/1f335.png\" alt=\"\ud83c\udf35\" width=\"16\" height=\"16\" \/><\/span><span style=\"font-weight: normal; font-style: normal; width: 16px; display: inline-flex; margin-right: 1px; margin-left: 1px; height: 16px; vertical-align: middle; font-family: inherit; animation-name: none !important; transition-property: none !important;\"><img loading=\"lazy\" decoding=\"async\" style=\"border-width: 0px; border-style: initial; animation-name: none !important; transition-property: none !important;\" src=\"https:\/\/static.xx.fbcdn.net\/images\/emoji.php\/v9\/t6d\/1\/16\/1f335.png\" alt=\"\ud83c\udf35\" width=\"16\" height=\"16\" \/><\/span><span style=\"font-weight: normal; font-style: normal; width: 16px; display: inline-flex; margin-right: 1px; margin-left: 1px; height: 16px; vertical-align: middle; font-family: inherit; animation-name: none !important; transition-property: none !important;\"><img loading=\"lazy\" decoding=\"async\" style=\"border-width: 0px; border-style: initial; animation-name: none !important; transition-property: none !important;\" src=\"https:\/\/static.xx.fbcdn.net\/images\/emoji.php\/v9\/t6d\/1\/16\/1f335.png\" alt=\"\ud83c\udf35\" width=\"16\" height=\"16\" \/><\/span><\/div><\/div><div style=\"margin-top: 0.5em; white-space: pre-wrap; overflow-wrap: break-word; font-family: 'Segoe UI Historic', 'Segoe UI', Helvetica, Arial, sans-serif; color: #050505; font-size: 15px; font-style: normal; font-weight: 400; animation-name: none !important; transition-property: none !important;\"><div dir=\"auto\" style=\"font-family: inherit; animation-name: none !important; transition-property: none !important;\">Pour une prochaine op\u00e9ration de rempotage, les jardins r\u00e9cup\u00e8rent les pots en terre cuite ou c\u00e9ramique de petite taille et plats (rond, carr\u00e9, color\u00e9 ou pas&#8230;) comme pour les bonsa\u00ef, cact\u00e9es ou succulentes.<\/div><\/div><div style=\"margin-top: 0.5em; white-space: pre-wrap; overflow-wrap: break-word; font-family: 'Segoe UI Historic', 'Segoe UI', Helvetica, Arial, sans-serif; color: #050505; font-size: 15px; font-style: normal; font-weight: 400; animation-name: none !important; transition-property: none !important;\"><div dir=\"auto\" style=\"font-family: inherit; animation-name: none !important; transition-property: none !important;\">PAS DE PLASTIQUE SVP<\/div><\/div><div style=\"margin-top: 0.5em; white-space: pre-wrap; overflow-wrap: break-word; font-family: 'Segoe UI Historic', 'Segoe UI', Helvetica, Arial, sans-serif; color: #050505; font-size: 15px; font-style: normal; font-weight: 400; animation-name: none !important; transition-property: none !important;\"><div dir=\"auto\" style=\"font-family: inherit; animation-name: none !important; transition-property: none !important;\">Collecte :<\/div><div dir=\"auto\" style=\"font-family: inherit; animation-name: none !important; transition-property: none !important;\"><span style=\"font-weight: normal; font-style: normal; width: 16px; display: inline-flex; margin-right: 1px; margin-left: 1px; height: 16px; vertical-align: middle; font-family: inherit; animation-name: none !important; transition-property: none !important;\"><img loading=\"lazy\" decoding=\"async\" style=\"border-width: 0px; border-style: initial; animation-name: none !important; transition-property: none !important;\" src=\"https:\/\/static.xx.fbcdn.net\/images\/emoji.php\/v9\/t6d\/1\/16\/1f335.png\" alt=\"\ud83c\udf35\" width=\"16\" height=\"16\" \/><\/span>Miellerie de Rousson (243 mont\u00e9e du Lauze au Saut du Loup ou march\u00e9 des Mages le mercredi matin ou march\u00e9 de Salindres le vendredi matin)<\/div><div dir=\"auto\" style=\"font-family: inherit; animation-name: none !important; transition-property: none !important;\"><span style=\"font-weight: normal; font-style: normal; width: 16px; display: inline-flex; margin-right: 1px; margin-left: 1px; height: 16px; vertical-align: middle; font-family: inherit; animation-name: none !important; transition-property: none !important;\"><img loading=\"lazy\" decoding=\"async\" style=\"border-width: 0px; border-style: initial; animation-name: none !important; transition-property: none !important;\" src=\"https:\/\/static.xx.fbcdn.net\/images\/emoji.php\/v9\/t6d\/1\/16\/1f335.png\" alt=\"\ud83c\udf35\" width=\"16\" height=\"16\" \/><\/span>Samedi 18\/3 apr\u00e8s midi lors de l&rsquo;animation d\u00e9couverte des salades sauvages aux jardins<\/div><div dir=\"auto\" style=\"font-family: inherit; animation-name: none !important; transition-property: none !important;\"><img loading=\"lazy\" decoding=\"async\" style=\"border-width: 0px; border-style: initial; animation-name: none !important; transition-property: none !important;\" src=\"https:\/\/static.xx.fbcdn.net\/images\/emoji.php\/v9\/t6d\/1\/16\/1f335.png\" alt=\"\ud83c\udf35\" width=\"16\" height=\"16\" \/> Sur rendez-vous aux jardins<\/div>Pour plus de renseignement h\u00e9sitez pas \u00e0 nous <a title=\"Contact\" href=\"http:\/\/jardinethno.fr\/?page_id=992\">contacter<\/a> !<\/div>\t\t\t\t\t\t<\/div>\n\t\t\t\t<\/div>\n\t\t\t\t\t<\/div>\n\t\t<\/div>\n\t\t\t\t\t\t\t<\/div>\n\t\t<\/section>\n\t\t\t\t\t\t\t<\/div>\n\t\t","protected":false},"excerpt":{"rendered":"<p>Nous aider Pourquoi \u00eatre adh\u00e9rent : Tarifs pr\u00e9f\u00e9rentiels pour les \u00e9v\u00e8nements Soutenir l&rsquo;association \u00eatre inform\u00e9 des \u00e9v\u00e8nements Devenir adh\u00e9rents 15 \u20ac\/ Personne ou 20\u20ac\/ couple H\u00e9sitez pas \u00e0 nous contacter pour plus de renseignement ou pour toute inscription !&nbsp; COLLECTE POTS DE FLEURS Pour une prochaine op\u00e9ration de rempotage, les jardins r\u00e9cup\u00e8rent les pots en &hellip;<\/p>\n<p class=\"read-more\"> <a class=\"\" href=\"http:\/\/jardinethno.fr\/?page_id=9\"> <span class=\"screen-reader-text\">Nous aider<\/span> Lire la suite\u00a0\u00bb<\/a><\/p>\n","protected":false},"author":1,"featured_media":0,"parent":0,"menu_order":0,"comment_status":"closed","ping_status":"closed","template":"","meta":{"footnotes":""},"class_list":["post-9","page","type-page","status-publish","hentry"],"acf":[],"aioseo_notices":[],"_links":{"self":[{"href":"http:\/\/jardinethno.fr\/index.php?rest_route=\/wp\/v2\/pages\/9","targetHints":{"allow":["GET"]}}],"collection":[{"href":"http:\/\/jardinethno.fr\/index.php?rest_route=\/wp\/v2\/pages"}],"about":[{"href":"http:\/\/jardinethno.fr\/index.php?rest_route=\/wp\/v2\/types\/page"}],"author":[{"embeddable":true,"href":"http:\/\/jardinethno.fr\/index.php?rest_route=\/wp\/v2\/users\/1"}],"replies":[{"embeddable":true,"href":"http:\/\/jardinethno.fr\/index.php?rest_route=%2Fwp%2Fv2%2Fcomments&post=9"}],"version-history":[{"count":9,"href":"http:\/\/jardinethno.fr\/index.php?rest_route=\/wp\/v2\/pages\/9\/revisions"}],"predecessor-version":[{"id":1159,"href":"http:\/\/jardinethno.fr\/index.php?rest_route=\/wp\/v2\/pages\/9\/revisions\/1159"}],"wp:attachment":[{"href":"http:\/\/jardinethno.fr\/index.php?rest_route=%2Fwp%2Fv2%2Fmedia&parent=9"}],"curies":[{"name":"wp","href":"https:\/\/api.w.org\/{rel}","templated":true}]}}